{"id":5856,"date":"2024-12-16T21:42:17","date_gmt":"2024-12-16T21:42:17","guid":{"rendered":"https:\/\/strada.tn\/?post_type=product&#038;p=5856"},"modified":"2025-01-07T21:09:23","modified_gmt":"2025-01-07T21:09:23","slug":"tn-beige-dore","status":"publish","type":"product","link":"https:\/\/strada.tn\/index.php\/product\/tn-beige-dore\/","title":{"rendered":"TN-BEIGE-DORE"},"content":{"rendered":"<h4 class=\"-fs20 -pts -pbxs\">Tenue Sport chic : <strong>Veste<\/strong>\u00a0&amp; Pantalon Jogging confortable pour toute la journ\u00e9e.<\/h4>\n<ul>\n<li><strong>Veste<\/strong> est id\u00e9ale pour un look d\u00e9contract\u00e9 et tendance. Elle a des manches longues qui se terminent par des boutons. Vous pouvez la fermer ou la porter ouverte en sur-chemise pour un style plus cool. Son tissu est coton et molleton avec coupe regular la rendent confortable et r\u00e9sistante.<\/li>\n<li><b>Pantalon de Jogging\u00a0<\/b>look streetwear tendance Simple et sport chic, confortable et \u00e9l\u00e9gant<\/li>\n<li>Couleur :Beige et Noir<\/li>\n<li>Pour Homme<\/li>\n<\/ul>\n","protected":false},"excerpt":{"rendered":"<h4 class=\"-fs20 -pts -pbxs\">Tenue Sport chic : <strong>Veste<\/strong>\u00a0&amp; Pantalon Jogging confortable pour toute la journ\u00e9e.<\/h4>\n<ul>\n<li><strong>Veste<\/strong> est id\u00e9ale pour un look d\u00e9contract\u00e9 et tendance. Elle a des manches longues qui se terminent par des boutons. Vous pouvez la fermer ou la porter ouverte en sur-chemise pour un style plus cool. Son tissu est coton et molleton avec coupe regular la rendent confortable et r\u00e9sistante.<\/li>\n<li><b>Pantalon de Jogging\u00a0<\/b>look streetwear tendance Simple et sport chic, confortable et \u00e9l\u00e9gant<\/li>\n<li>Couleur :Beige et Noir<\/li>\n<li>Pour Homme<\/li>\n<\/ul>\n","protected":false},"featured_media":5870,"comment_status":"open","ping_status":"closed","template":"","meta":[],"product_cat":[15,235],"product_tag":[],"class_list":["post-5856","product","type-product","status-publish","has-post-thumbnail","hentry","product_cat-vetements-homme","product_cat-survetements"],"acf":[],"yoast_head":"<!-- This site is optimized with the Yoast SEO plugin v20.1 - https:\/\/yoast.com\/wordpress\/plugins\/seo\/ -->\n<title>TN-BEIGE-DORE - Strada<\/title>\n<meta name=\"robots\" content=\"index, follow, max-snippet:-1, max-image-preview:large, max-video-preview:-1\" \/>\n<link rel=\"canonical\" href=\"https:\/\/strada.tn\/index.php\/product\/tn-beige-dore\/\" \/>\n<meta property=\"og:locale\" content=\"fr_FR\" \/>\n<meta property=\"og:type\" content=\"article\" \/>\n<meta property=\"og:title\" content=\"TN-BEIGE-DORE - Strada\" \/>\n<meta property=\"og:description\" content=\"Tenue Sport chic : Veste\u00a0&amp; Pantalon Jogging confortable pour toute la journ\u00e9e.   Veste est id\u00e9ale pour un look d\u00e9contract\u00e9 et tendance. Elle a des manches longues qui se terminent par des boutons. Vous pouvez la fermer ou la porter ouverte en sur-chemise pour un style plus cool. Son tissu est coton et molleton avec coupe regular la rendent confortable et r\u00e9sistante.  Pantalon de Jogging\u00a0look streetwear tendance Simple et sport chic, confortable et \u00e9l\u00e9gant  Couleur :Beige et Noir  Pour Homme\" \/>\n<meta property=\"og:url\" content=\"https:\/\/strada.tn\/index.php\/product\/tn-beige-dore\/\" \/>\n<meta property=\"og:site_name\" content=\"Strada\" \/>\n<meta property=\"article:publisher\" content=\"https:\/\/www.facebook.com\/profile.php?id=100071369829271\" \/>\n<meta property=\"article:modified_time\" content=\"2025-01-07T21:09:23+00:00\" \/>\n<meta property=\"og:image\" content=\"https:\/\/strada.tn\/wp-content\/uploads\/2024\/12\/photo_2025-01-06_22-09-44-removebg-preview.png\" \/>\n\t<meta property=\"og:image:width\" content=\"433\" \/>\n\t<meta property=\"og:image:height\" content=\"577\" \/>\n\t<meta property=\"og:image:type\" content=\"image\/png\" \/>\n<meta name=\"twitter:card\" content=\"summary_large_image\" \/>\n<meta name=\"twitter:label1\" content=\"Dur\u00e9e de lecture estim\u00e9e\" \/>\n\t<meta name=\"twitter:data1\" content=\"1 minute\" \/>\n<script type=\"application\/ld+json\" class=\"yoast-schema-graph\">{\"@context\":\"https:\/\/schema.org\",\"@graph\":[{\"@type\":\"WebPage\",\"@id\":\"https:\/\/strada.tn\/index.php\/product\/tn-beige-dore\/\",\"url\":\"https:\/\/strada.tn\/index.php\/product\/tn-beige-dore\/\",\"name\":\"TN-BEIGE-DORE - Strada\",\"isPartOf\":{\"@id\":\"https:\/\/strada.tn\/#website\"},\"datePublished\":\"2024-12-16T21:42:17+00:00\",\"dateModified\":\"2025-01-07T21:09:23+00:00\",\"breadcrumb\":{\"@id\":\"https:\/\/strada.tn\/index.php\/product\/tn-beige-dore\/#breadcrumb\"},\"inLanguage\":\"fr-FR\",\"potentialAction\":[{\"@type\":\"ReadAction\",\"target\":[\"https:\/\/strada.tn\/index.php\/product\/tn-beige-dore\/\"]}]},{\"@type\":\"BreadcrumbList\",\"@id\":\"https:\/\/strada.tn\/index.php\/product\/tn-beige-dore\/#breadcrumb\",\"itemListElement\":[{\"@type\":\"ListItem\",\"position\":1,\"name\":\"Home\",\"item\":\"https:\/\/strada.tn\/\"},{\"@type\":\"ListItem\",\"position\":2,\"name\":\"Shop\",\"item\":\"https:\/\/strada.tn\/index.php\/shop-2\/\"},{\"@type\":\"ListItem\",\"position\":3,\"name\":\"TN-BEIGE-DORE\"}]},{\"@type\":\"WebSite\",\"@id\":\"https:\/\/strada.tn\/#website\",\"url\":\"https:\/\/strada.tn\/\",\"name\":\"Strada\",\"description\":\"Vente v\u00eatements pour hommes\",\"publisher\":{\"@id\":\"https:\/\/strada.tn\/#organization\"},\"potentialAction\":[{\"@type\":\"SearchAction\",\"target\":{\"@type\":\"EntryPoint\",\"urlTemplate\":\"https:\/\/strada.tn\/?s={search_term_string}\"},\"query-input\":\"required name=search_term_string\"}],\"inLanguage\":\"fr-FR\"},{\"@type\":\"Organization\",\"@id\":\"https:\/\/strada.tn\/#organization\",\"name\":\"Strada\",\"url\":\"https:\/\/strada.tn\/\",\"logo\":{\"@type\":\"ImageObject\",\"inLanguage\":\"fr-FR\",\"@id\":\"https:\/\/strada.tn\/#\/schema\/logo\/image\/\",\"url\":\"https:\/\/strada.tn\/wp-content\/uploads\/2023\/03\/cropped-Logo-1.png\",\"contentUrl\":\"https:\/\/strada.tn\/wp-content\/uploads\/2023\/03\/cropped-Logo-1.png\",\"width\":145,\"height\":60,\"caption\":\"Strada\"},\"image\":{\"@id\":\"https:\/\/strada.tn\/#\/schema\/logo\/image\/\"},\"sameAs\":[\"https:\/\/www.facebook.com\/profile.php?id=100071369829271\"]}]}<\/script>\n<!-- \/ Yoast SEO plugin. -->","yoast_head_json":{"title":"TN-BEIGE-DORE - Strada","robots":{"index":"index","follow":"follow","max-snippet":"max-snippet:-1","max-image-preview":"max-image-preview:large","max-video-preview":"max-video-preview:-1"},"canonical":"https:\/\/strada.tn\/index.php\/product\/tn-beige-dore\/","og_locale":"fr_FR","og_type":"article","og_title":"TN-BEIGE-DORE - Strada","og_description":"Tenue Sport chic : Veste\u00a0&amp; Pantalon Jogging confortable pour toute la journ\u00e9e.   Veste est id\u00e9ale pour un look d\u00e9contract\u00e9 et tendance. Elle a des manches longues qui se terminent par des boutons. Vous pouvez la fermer ou la porter ouverte en sur-chemise pour un style plus cool. Son tissu est coton et molleton avec coupe regular la rendent confortable et r\u00e9sistante.  Pantalon de Jogging\u00a0look streetwear tendance Simple et sport chic, confortable et \u00e9l\u00e9gant  Couleur :Beige et Noir  Pour Homme","og_url":"https:\/\/strada.tn\/index.php\/product\/tn-beige-dore\/","og_site_name":"Strada","article_publisher":"https:\/\/www.facebook.com\/profile.php?id=100071369829271","article_modified_time":"2025-01-07T21:09:23+00:00","og_image":[{"width":433,"height":577,"url":"https:\/\/strada.tn\/wp-content\/uploads\/2024\/12\/photo_2025-01-06_22-09-44-removebg-preview.png","type":"image\/png"}],"twitter_card":"summary_large_image","twitter_misc":{"Dur\u00e9e de lecture estim\u00e9e":"1 minute"},"schema":{"@context":"https:\/\/schema.org","@graph":[{"@type":"WebPage","@id":"https:\/\/strada.tn\/index.php\/product\/tn-beige-dore\/","url":"https:\/\/strada.tn\/index.php\/product\/tn-beige-dore\/","name":"TN-BEIGE-DORE - Strada","isPartOf":{"@id":"https:\/\/strada.tn\/#website"},"datePublished":"2024-12-16T21:42:17+00:00","dateModified":"2025-01-07T21:09:23+00:00","breadcrumb":{"@id":"https:\/\/strada.tn\/index.php\/product\/tn-beige-dore\/#breadcrumb"},"inLanguage":"fr-FR","potentialAction":[{"@type":"ReadAction","target":["https:\/\/strada.tn\/index.php\/product\/tn-beige-dore\/"]}]},{"@type":"BreadcrumbList","@id":"https:\/\/strada.tn\/index.php\/product\/tn-beige-dore\/#breadcrumb","itemListElement":[{"@type":"ListItem","position":1,"name":"Home","item":"https:\/\/strada.tn\/"},{"@type":"ListItem","position":2,"name":"Shop","item":"https:\/\/strada.tn\/index.php\/shop-2\/"},{"@type":"ListItem","position":3,"name":"TN-BEIGE-DORE"}]},{"@type":"WebSite","@id":"https:\/\/strada.tn\/#website","url":"https:\/\/strada.tn\/","name":"Strada","description":"Vente v\u00eatements pour hommes","publisher":{"@id":"https:\/\/strada.tn\/#organization"},"potentialAction":[{"@type":"SearchAction","target":{"@type":"EntryPoint","urlTemplate":"https:\/\/strada.tn\/?s={search_term_string}"},"query-input":"required name=search_term_string"}],"inLanguage":"fr-FR"},{"@type":"Organization","@id":"https:\/\/strada.tn\/#organization","name":"Strada","url":"https:\/\/strada.tn\/","logo":{"@type":"ImageObject","inLanguage":"fr-FR","@id":"https:\/\/strada.tn\/#\/schema\/logo\/image\/","url":"https:\/\/strada.tn\/wp-content\/uploads\/2023\/03\/cropped-Logo-1.png","contentUrl":"https:\/\/strada.tn\/wp-content\/uploads\/2023\/03\/cropped-Logo-1.png","width":145,"height":60,"caption":"Strada"},"image":{"@id":"https:\/\/strada.tn\/#\/schema\/logo\/image\/"},"sameAs":["https:\/\/www.facebook.com\/profile.php?id=100071369829271"]}]}},"_links":{"self":[{"href":"https:\/\/strada.tn\/index.php\/wp-json\/wp\/v2\/product\/5856","targetHints":{"allow":["GET"]}}],"collection":[{"href":"https:\/\/strada.tn\/index.php\/wp-json\/wp\/v2\/product"}],"about":[{"href":"https:\/\/strada.tn\/index.php\/wp-json\/wp\/v2\/types\/product"}],"replies":[{"embeddable":true,"href":"https:\/\/strada.tn\/index.php\/wp-json\/wp\/v2\/comments?post=5856"}],"wp:featuredmedia":[{"embeddable":true,"href":"https:\/\/strada.tn\/index.php\/wp-json\/wp\/v2\/media\/5870"}],"wp:attachment":[{"href":"https:\/\/strada.tn\/index.php\/wp-json\/wp\/v2\/media?parent=5856"}],"wp:term":[{"taxonomy":"product_cat","embeddable":true,"href":"https:\/\/strada.tn\/index.php\/wp-json\/wp\/v2\/product_cat?post=5856"},{"taxonomy":"product_tag","embeddable":true,"href":"https:\/\/strada.tn\/index.php\/wp-json\/wp\/v2\/product_tag?post=5856"}],"curies":[{"name":"wp","href":"https:\/\/api.w.org\/{rel}","templated":true}]}}