{"id":5763,"date":"2024-10-10T22:44:54","date_gmt":"2024-10-10T22:44:54","guid":{"rendered":"https:\/\/strada.tn\/?post_type=product&#038;p=5763"},"modified":"2024-11-21T20:22:26","modified_gmt":"2024-11-21T20:22:26","slug":"basket-blanc","status":"publish","type":"product","link":"https:\/\/strada.tn\/index.php\/product\/basket-blanc\/","title":{"rendered":"Basket Blanc"},"content":{"rendered":"<div class=\"html-div xdj266r x11i5rnm xat24cr x1mh8g0r xexx8yu x4uap5 x18d9i69 xkhd6sd x6ikm8r x10wlt62\">\n<div class=\"html-div xdj266r x11i5rnm xat24cr x1mh8g0r x14ctfv x1okitfd x6ikm8r x10wlt62 xerhiuh x1pn3fxy x12xxe5f x1szedp3 x1n2onr6 x1vjfegm x1k4qllp x1mzt3pk x13faqbe x1xr0vuk x1jm4cbz x1lmq8lz xrrpcnn x1xtl47e x13fuv20 xu3j5b3 x1q0q8m5 x26u7qi x19livfd x2t687o x3p3xfz x5od304 x11ucwad xgtuqic x1lcm9me x10y3i5r\" role=\"presentation\"><\/div>\n<\/div>\n<div class=\"html-div xdj266r x11i5rnm xat24cr x1mh8g0r xexx8yu x4uap5 x18d9i69 xkhd6sd x6ikm8r x10wlt62\">\n<div class=\"html-div xdj266r x11i5rnm xat24cr x1mh8g0r x14ctfv x1okitfd x6ikm8r x10wlt62 xerhiuh x1pn3fxy x12xxe5f x1szedp3 x1n2onr6 x1vjfegm x1k4qllp x1mzt3pk x13faqbe x1xr0vuk x1jm4cbz x1lmq8lz xrrpcnn x1xtl47e x13fuv20 xu3j5b3 x1q0q8m5 x26u7qi x19livfd x2t687o x3p3xfz x5od304 x11ucwad xgtuqic x1lcm9me x10y3i5r\" role=\"presentation\">\n<div dir=\"auto\"><\/div>\n<div class=\"html-div xdj266r x11i5rnm xat24cr x1mh8g0r xexx8yu x4uap5 x18d9i69 xkhd6sd x6ikm8r x10wlt62\">\n<div class=\"html-div xdj266r x11i5rnm xat24cr x1mh8g0r x14ctfv x1okitfd x6ikm8r x10wlt62 xerhiuh x1pn3fxy x12xxe5f x1szedp3 x1n2onr6 x1vjfegm x1k4qllp x1mzt3pk x13faqbe x1xr0vuk x1jm4cbz x1lmq8lz xrrpcnn x1xtl47e x13fuv20 xu3j5b3 x1q0q8m5 x26u7qi x19livfd x2t687o x3p3xfz x5od304 x11ucwad xgtuqic x1lcm9me x10y3i5r\" role=\"presentation\">\n<h3 class=\"html-div xexx8yu x4uap5 x18d9i69 xkhd6sd x1gslohp x11i5rnm x12nagc x1mh8g0r x1yc453h x126k92a x18lvrbx\" dir=\"auto\"><strong>Basket Blanc<\/strong><\/h3>\n<\/div>\n<\/div>\n<\/div>\n<\/div>\n<ul>\n<li><strong>E<\/strong><b>spadrille<\/b>\u00a0fabriqu\u00e9es en Tunisie. La tige est en similicuir \u00e9lastique, elle s&#8217;adapte \u00e0 toutes les formes et assure le confort de vos pieds. La semelle en polyur\u00e9thane, un produit tr\u00e8s l\u00e9ger et ne glisse pas.<\/li>\n<li>Tige : Simili Cuir<\/li>\n<li>Semelle :\u00a0polyur\u00e9thane<\/li>\n<li>Poids : Tr\u00e8s l\u00e9ger<\/li>\n<li>Fabrique : en Tunisie<\/li>\n<li>Couleur : Blanc<\/li>\n<\/ul>\n","protected":false},"excerpt":{"rendered":"<div class=\"html-div xdj266r x11i5rnm xat24cr x1mh8g0r xexx8yu x4uap5 x18d9i69 xkhd6sd x6ikm8r x10wlt62\">\n<div class=\"html-div xdj266r x11i5rnm xat24cr x1mh8g0r x14ctfv x1okitfd x6ikm8r x10wlt62 xerhiuh x1pn3fxy x12xxe5f x1szedp3 x1n2onr6 x1vjfegm x1k4qllp x1mzt3pk x13faqbe x1xr0vuk x1jm4cbz x1lmq8lz xrrpcnn x1xtl47e x13fuv20 xu3j5b3 x1q0q8m5 x26u7qi x19livfd x2t687o x3p3xfz x5od304 x11ucwad xgtuqic x1lcm9me x10y3i5r\" role=\"presentation\">\n<div class=\"html-div xdj266r x11i5rnm xat24cr x1mh8g0r xexx8yu x4uap5 x18d9i69 xkhd6sd x6ikm8r x10wlt62\">\n<div class=\"html-div xdj266r x11i5rnm xat24cr x1mh8g0r x14ctfv x1okitfd x6ikm8r x10wlt62 xerhiuh x1pn3fxy x12xxe5f x1szedp3 x1n2onr6 x1vjfegm x1k4qllp x1mzt3pk x13faqbe x1xr0vuk x1jm4cbz x1lmq8lz xrrpcnn x1xtl47e x13fuv20 xu3j5b3 x1q0q8m5 x26u7qi x19livfd x2t687o x3p3xfz x5od304 x11ucwad xgtuqic x1lcm9me x10y3i5r\" role=\"presentation\">\n<h3 class=\"html-div xexx8yu x4uap5 x18d9i69 xkhd6sd x1gslohp x11i5rnm x12nagc x1mh8g0r x1yc453h x126k92a x18lvrbx\" dir=\"auto\"><strong>Basket Blanc<\/strong><\/h3>\n<\/div>\n<\/div>\n<\/div>\n<\/div>\n<ul>\n<li><strong>E<\/strong><b>spadrille<\/b>\u00a0fabriqu\u00e9es en Tunisie. La tige est en similicuir \u00e9lastique, elle s&#8217;adapte \u00e0 toutes les formes et assure le confort de vos pieds. La semelle en polyur\u00e9thane, un produit tr\u00e8s l\u00e9ger et ne glisse pas.<\/li>\n<li>Tige : Simili Cuir<\/li>\n<li>Semelle :\u00a0polyur\u00e9thane<\/li>\n<li>Poids : Tr\u00e8s l\u00e9ger<\/li>\n<li>Fabrique : en Tunisie<\/li>\n<li>Couleur : Blanc<\/li>\n<\/ul>\n","protected":false},"featured_media":5739,"comment_status":"open","ping_status":"closed","template":"","meta":[],"product_cat":[15,235],"product_tag":[],"class_list":["post-5763","product","type-product","status-publish","has-post-thumbnail","hentry","product_cat-vetements-homme","product_cat-survetements"],"acf":[],"yoast_head":"<!-- This site is optimized with the Yoast SEO plugin v20.1 - https:\/\/yoast.com\/wordpress\/plugins\/seo\/ -->\n<title>Basket Blanc - Strada<\/title>\n<meta name=\"robots\" content=\"index, follow, max-snippet:-1, max-image-preview:large, max-video-preview:-1\" \/>\n<link rel=\"canonical\" href=\"https:\/\/strada.tn\/index.php\/product\/basket-blanc\/\" \/>\n<meta property=\"og:locale\" content=\"fr_FR\" \/>\n<meta property=\"og:type\" content=\"article\" \/>\n<meta property=\"og:title\" content=\"Basket Blanc - Strada\" \/>\n<meta property=\"og:description\" content=\"Basket Blanc       Espadrille\u00a0fabriqu\u00e9es en Tunisie. La tige est en similicuir \u00e9lastique, elle s&#039;adapte \u00e0 toutes les formes et assure le confort de vos pieds. La semelle en polyur\u00e9thane, un produit tr\u00e8s l\u00e9ger et ne glisse pas.  Tige : Simili Cuir  Semelle :\u00a0polyur\u00e9thane  Poids : Tr\u00e8s l\u00e9ger  Fabrique : en Tunisie  Couleur : Blanc\" \/>\n<meta property=\"og:url\" content=\"https:\/\/strada.tn\/index.php\/product\/basket-blanc\/\" \/>\n<meta property=\"og:site_name\" content=\"Strada\" \/>\n<meta property=\"article:publisher\" content=\"https:\/\/www.facebook.com\/profile.php?id=100071369829271\" \/>\n<meta property=\"article:modified_time\" content=\"2024-11-21T20:22:26+00:00\" \/>\n<meta property=\"og:image\" content=\"https:\/\/strada.tn\/wp-content\/uploads\/2024\/10\/461992620_544715571250766_6977962929716703163_n-removebg-preview.png\" \/>\n\t<meta property=\"og:image:width\" content=\"500\" \/>\n\t<meta property=\"og:image:height\" content=\"500\" \/>\n\t<meta property=\"og:image:type\" content=\"image\/png\" \/>\n<meta name=\"twitter:card\" content=\"summary_large_image\" \/>\n<meta name=\"twitter:label1\" content=\"Dur\u00e9e de lecture estim\u00e9e\" \/>\n\t<meta name=\"twitter:data1\" content=\"1 minute\" \/>\n<script type=\"application\/ld+json\" class=\"yoast-schema-graph\">{\"@context\":\"https:\/\/schema.org\",\"@graph\":[{\"@type\":\"WebPage\",\"@id\":\"https:\/\/strada.tn\/index.php\/product\/basket-blanc\/\",\"url\":\"https:\/\/strada.tn\/index.php\/product\/basket-blanc\/\",\"name\":\"Basket Blanc - Strada\",\"isPartOf\":{\"@id\":\"https:\/\/strada.tn\/#website\"},\"datePublished\":\"2024-10-10T22:44:54+00:00\",\"dateModified\":\"2024-11-21T20:22:26+00:00\",\"breadcrumb\":{\"@id\":\"https:\/\/strada.tn\/index.php\/product\/basket-blanc\/#breadcrumb\"},\"inLanguage\":\"fr-FR\",\"potentialAction\":[{\"@type\":\"ReadAction\",\"target\":[\"https:\/\/strada.tn\/index.php\/product\/basket-blanc\/\"]}]},{\"@type\":\"BreadcrumbList\",\"@id\":\"https:\/\/strada.tn\/index.php\/product\/basket-blanc\/#breadcrumb\",\"itemListElement\":[{\"@type\":\"ListItem\",\"position\":1,\"name\":\"Home\",\"item\":\"https:\/\/strada.tn\/\"},{\"@type\":\"ListItem\",\"position\":2,\"name\":\"Shop\",\"item\":\"https:\/\/strada.tn\/index.php\/shop-2\/\"},{\"@type\":\"ListItem\",\"position\":3,\"name\":\"Basket Blanc\"}]},{\"@type\":\"WebSite\",\"@id\":\"https:\/\/strada.tn\/#website\",\"url\":\"https:\/\/strada.tn\/\",\"name\":\"Strada\",\"description\":\"Vente v\u00eatements pour hommes\",\"publisher\":{\"@id\":\"https:\/\/strada.tn\/#organization\"},\"potentialAction\":[{\"@type\":\"SearchAction\",\"target\":{\"@type\":\"EntryPoint\",\"urlTemplate\":\"https:\/\/strada.tn\/?s={search_term_string}\"},\"query-input\":\"required name=search_term_string\"}],\"inLanguage\":\"fr-FR\"},{\"@type\":\"Organization\",\"@id\":\"https:\/\/strada.tn\/#organization\",\"name\":\"Strada\",\"url\":\"https:\/\/strada.tn\/\",\"logo\":{\"@type\":\"ImageObject\",\"inLanguage\":\"fr-FR\",\"@id\":\"https:\/\/strada.tn\/#\/schema\/logo\/image\/\",\"url\":\"https:\/\/strada.tn\/wp-content\/uploads\/2023\/03\/cropped-Logo-1.png\",\"contentUrl\":\"https:\/\/strada.tn\/wp-content\/uploads\/2023\/03\/cropped-Logo-1.png\",\"width\":145,\"height\":60,\"caption\":\"Strada\"},\"image\":{\"@id\":\"https:\/\/strada.tn\/#\/schema\/logo\/image\/\"},\"sameAs\":[\"https:\/\/www.facebook.com\/profile.php?id=100071369829271\"]}]}<\/script>\n<!-- \/ Yoast SEO plugin. -->","yoast_head_json":{"title":"Basket Blanc - Strada","robots":{"index":"index","follow":"follow","max-snippet":"max-snippet:-1","max-image-preview":"max-image-preview:large","max-video-preview":"max-video-preview:-1"},"canonical":"https:\/\/strada.tn\/index.php\/product\/basket-blanc\/","og_locale":"fr_FR","og_type":"article","og_title":"Basket Blanc - Strada","og_description":"Basket Blanc       Espadrille\u00a0fabriqu\u00e9es en Tunisie. La tige est en similicuir \u00e9lastique, elle s'adapte \u00e0 toutes les formes et assure le confort de vos pieds. La semelle en polyur\u00e9thane, un produit tr\u00e8s l\u00e9ger et ne glisse pas.  Tige : Simili Cuir  Semelle :\u00a0polyur\u00e9thane  Poids : Tr\u00e8s l\u00e9ger  Fabrique : en Tunisie  Couleur : Blanc","og_url":"https:\/\/strada.tn\/index.php\/product\/basket-blanc\/","og_site_name":"Strada","article_publisher":"https:\/\/www.facebook.com\/profile.php?id=100071369829271","article_modified_time":"2024-11-21T20:22:26+00:00","og_image":[{"width":500,"height":500,"url":"https:\/\/strada.tn\/wp-content\/uploads\/2024\/10\/461992620_544715571250766_6977962929716703163_n-removebg-preview.png","type":"image\/png"}],"twitter_card":"summary_large_image","twitter_misc":{"Dur\u00e9e de lecture estim\u00e9e":"1 minute"},"schema":{"@context":"https:\/\/schema.org","@graph":[{"@type":"WebPage","@id":"https:\/\/strada.tn\/index.php\/product\/basket-blanc\/","url":"https:\/\/strada.tn\/index.php\/product\/basket-blanc\/","name":"Basket Blanc - Strada","isPartOf":{"@id":"https:\/\/strada.tn\/#website"},"datePublished":"2024-10-10T22:44:54+00:00","dateModified":"2024-11-21T20:22:26+00:00","breadcrumb":{"@id":"https:\/\/strada.tn\/index.php\/product\/basket-blanc\/#breadcrumb"},"inLanguage":"fr-FR","potentialAction":[{"@type":"ReadAction","target":["https:\/\/strada.tn\/index.php\/product\/basket-blanc\/"]}]},{"@type":"BreadcrumbList","@id":"https:\/\/strada.tn\/index.php\/product\/basket-blanc\/#breadcrumb","itemListElement":[{"@type":"ListItem","position":1,"name":"Home","item":"https:\/\/strada.tn\/"},{"@type":"ListItem","position":2,"name":"Shop","item":"https:\/\/strada.tn\/index.php\/shop-2\/"},{"@type":"ListItem","position":3,"name":"Basket Blanc"}]},{"@type":"WebSite","@id":"https:\/\/strada.tn\/#website","url":"https:\/\/strada.tn\/","name":"Strada","description":"Vente v\u00eatements pour hommes","publisher":{"@id":"https:\/\/strada.tn\/#organization"},"potentialAction":[{"@type":"SearchAction","target":{"@type":"EntryPoint","urlTemplate":"https:\/\/strada.tn\/?s={search_term_string}"},"query-input":"required name=search_term_string"}],"inLanguage":"fr-FR"},{"@type":"Organization","@id":"https:\/\/strada.tn\/#organization","name":"Strada","url":"https:\/\/strada.tn\/","logo":{"@type":"ImageObject","inLanguage":"fr-FR","@id":"https:\/\/strada.tn\/#\/schema\/logo\/image\/","url":"https:\/\/strada.tn\/wp-content\/uploads\/2023\/03\/cropped-Logo-1.png","contentUrl":"https:\/\/strada.tn\/wp-content\/uploads\/2023\/03\/cropped-Logo-1.png","width":145,"height":60,"caption":"Strada"},"image":{"@id":"https:\/\/strada.tn\/#\/schema\/logo\/image\/"},"sameAs":["https:\/\/www.facebook.com\/profile.php?id=100071369829271"]}]}},"_links":{"self":[{"href":"https:\/\/strada.tn\/index.php\/wp-json\/wp\/v2\/product\/5763","targetHints":{"allow":["GET"]}}],"collection":[{"href":"https:\/\/strada.tn\/index.php\/wp-json\/wp\/v2\/product"}],"about":[{"href":"https:\/\/strada.tn\/index.php\/wp-json\/wp\/v2\/types\/product"}],"replies":[{"embeddable":true,"href":"https:\/\/strada.tn\/index.php\/wp-json\/wp\/v2\/comments?post=5763"}],"wp:featuredmedia":[{"embeddable":true,"href":"https:\/\/strada.tn\/index.php\/wp-json\/wp\/v2\/media\/5739"}],"wp:attachment":[{"href":"https:\/\/strada.tn\/index.php\/wp-json\/wp\/v2\/media?parent=5763"}],"wp:term":[{"taxonomy":"product_cat","embeddable":true,"href":"https:\/\/strada.tn\/index.php\/wp-json\/wp\/v2\/product_cat?post=5763"},{"taxonomy":"product_tag","embeddable":true,"href":"https:\/\/strada.tn\/index.php\/wp-json\/wp\/v2\/product_tag?post=5763"}],"curies":[{"name":"wp","href":"https:\/\/api.w.org\/{rel}","templated":true}]}}