{"id":5696,"date":"2023-06-14T21:08:26","date_gmt":"2023-06-14T21:08:26","guid":{"rendered":"https:\/\/strada.tn\/?post_type=product&#038;p=5696"},"modified":"2023-11-01T00:01:40","modified_gmt":"2023-11-01T00:01:40","slug":"tu-versage","status":"publish","type":"product","link":"https:\/\/strada.tn\/index.php\/product\/tu-versage\/","title":{"rendered":"TU-VERSAGE"},"content":{"rendered":"<p>Le tenue<b> <\/b>comprend un t-shirt \u00e0 col rond avec un short d&#8217;entra\u00eenement de couleur compl\u00e9mentaire.<\/p>\n<ul style=\"font-weight: 400;\">\n<li>T-shirt \u00e0 col rond<\/li>\n<li>Manches courtes<\/li>\n<li>Taille short \u00e9lastiqu\u00e9e<\/li>\n<li>Ceinture \u00e0 cordon<\/li>\n<\/ul>\n","protected":false},"excerpt":{"rendered":"<h4 class=\"-fs20 -pts -pbxs\">Le tenue<b> <\/b>comprend un t-shirt \u00e0 col rond avec un short d&#8217;entra\u00eenement de couleur compl\u00e9mentaire.<\/h4>\n","protected":false},"featured_media":5693,"comment_status":"open","ping_status":"closed","template":"","meta":[],"product_cat":[15,234,233],"product_tag":[],"class_list":["post-5696","product","type-product","status-publish","has-post-thumbnail","hentry","product_cat-vetements-homme","product_cat-shorts","product_cat-t-shirt"],"acf":[],"yoast_head":"<!-- This site is optimized with the Yoast SEO plugin v20.1 - https:\/\/yoast.com\/wordpress\/plugins\/seo\/ -->\n<title>TU-VERSAGE - Strada<\/title>\n<meta name=\"robots\" content=\"index, follow, max-snippet:-1, max-image-preview:large, max-video-preview:-1\" \/>\n<link rel=\"canonical\" href=\"https:\/\/strada.tn\/index.php\/product\/tu-versage\/\" \/>\n<meta property=\"og:locale\" content=\"fr_FR\" \/>\n<meta property=\"og:type\" content=\"article\" \/>\n<meta property=\"og:title\" content=\"TU-VERSAGE - Strada\" \/>\n<meta property=\"og:description\" content=\"Le tenue comprend un t-shirt \u00e0 col rond avec un short d&#039;entra\u00eenement de couleur compl\u00e9mentaire.\" \/>\n<meta property=\"og:url\" content=\"https:\/\/strada.tn\/index.php\/product\/tu-versage\/\" \/>\n<meta property=\"og:site_name\" content=\"Strada\" \/>\n<meta property=\"article:publisher\" content=\"https:\/\/www.facebook.com\/profile.php?id=100071369829271\" \/>\n<meta property=\"article:modified_time\" content=\"2023-11-01T00:01:40+00:00\" \/>\n<meta property=\"og:image\" content=\"https:\/\/strada.tn\/wp-content\/uploads\/2023\/06\/tu-ver.jpg\" \/>\n\t<meta property=\"og:image:width\" content=\"960\" \/>\n\t<meta property=\"og:image:height\" content=\"960\" \/>\n\t<meta property=\"og:image:type\" content=\"image\/jpeg\" \/>\n<meta name=\"twitter:card\" content=\"summary_large_image\" \/>\n<meta name=\"twitter:label1\" content=\"Dur\u00e9e de lecture estim\u00e9e\" \/>\n\t<meta name=\"twitter:data1\" content=\"1 minute\" \/>\n<script type=\"application\/ld+json\" class=\"yoast-schema-graph\">{\"@context\":\"https:\/\/schema.org\",\"@graph\":[{\"@type\":\"WebPage\",\"@id\":\"https:\/\/strada.tn\/index.php\/product\/tu-versage\/\",\"url\":\"https:\/\/strada.tn\/index.php\/product\/tu-versage\/\",\"name\":\"TU-VERSAGE - Strada\",\"isPartOf\":{\"@id\":\"https:\/\/strada.tn\/#website\"},\"datePublished\":\"2023-06-14T21:08:26+00:00\",\"dateModified\":\"2023-11-01T00:01:40+00:00\",\"breadcrumb\":{\"@id\":\"https:\/\/strada.tn\/index.php\/product\/tu-versage\/#breadcrumb\"},\"inLanguage\":\"fr-FR\",\"potentialAction\":[{\"@type\":\"ReadAction\",\"target\":[\"https:\/\/strada.tn\/index.php\/product\/tu-versage\/\"]}]},{\"@type\":\"BreadcrumbList\",\"@id\":\"https:\/\/strada.tn\/index.php\/product\/tu-versage\/#breadcrumb\",\"itemListElement\":[{\"@type\":\"ListItem\",\"position\":1,\"name\":\"Home\",\"item\":\"https:\/\/strada.tn\/\"},{\"@type\":\"ListItem\",\"position\":2,\"name\":\"Shop\",\"item\":\"https:\/\/strada.tn\/index.php\/shop-2\/\"},{\"@type\":\"ListItem\",\"position\":3,\"name\":\"TU-VERSAGE\"}]},{\"@type\":\"WebSite\",\"@id\":\"https:\/\/strada.tn\/#website\",\"url\":\"https:\/\/strada.tn\/\",\"name\":\"Strada\",\"description\":\"Vente v\u00eatements pour hommes\",\"publisher\":{\"@id\":\"https:\/\/strada.tn\/#organization\"},\"potentialAction\":[{\"@type\":\"SearchAction\",\"target\":{\"@type\":\"EntryPoint\",\"urlTemplate\":\"https:\/\/strada.tn\/?s={search_term_string}\"},\"query-input\":\"required name=search_term_string\"}],\"inLanguage\":\"fr-FR\"},{\"@type\":\"Organization\",\"@id\":\"https:\/\/strada.tn\/#organization\",\"name\":\"Strada\",\"url\":\"https:\/\/strada.tn\/\",\"logo\":{\"@type\":\"ImageObject\",\"inLanguage\":\"fr-FR\",\"@id\":\"https:\/\/strada.tn\/#\/schema\/logo\/image\/\",\"url\":\"https:\/\/strada.tn\/wp-content\/uploads\/2023\/03\/cropped-Logo-1.png\",\"contentUrl\":\"https:\/\/strada.tn\/wp-content\/uploads\/2023\/03\/cropped-Logo-1.png\",\"width\":145,\"height\":60,\"caption\":\"Strada\"},\"image\":{\"@id\":\"https:\/\/strada.tn\/#\/schema\/logo\/image\/\"},\"sameAs\":[\"https:\/\/www.facebook.com\/profile.php?id=100071369829271\"]}]}<\/script>\n<!-- \/ Yoast SEO plugin. -->","yoast_head_json":{"title":"TU-VERSAGE - Strada","robots":{"index":"index","follow":"follow","max-snippet":"max-snippet:-1","max-image-preview":"max-image-preview:large","max-video-preview":"max-video-preview:-1"},"canonical":"https:\/\/strada.tn\/index.php\/product\/tu-versage\/","og_locale":"fr_FR","og_type":"article","og_title":"TU-VERSAGE - Strada","og_description":"Le tenue comprend un t-shirt \u00e0 col rond avec un short d'entra\u00eenement de couleur compl\u00e9mentaire.","og_url":"https:\/\/strada.tn\/index.php\/product\/tu-versage\/","og_site_name":"Strada","article_publisher":"https:\/\/www.facebook.com\/profile.php?id=100071369829271","article_modified_time":"2023-11-01T00:01:40+00:00","og_image":[{"width":960,"height":960,"url":"https:\/\/strada.tn\/wp-content\/uploads\/2023\/06\/tu-ver.jpg","type":"image\/jpeg"}],"twitter_card":"summary_large_image","twitter_misc":{"Dur\u00e9e de lecture estim\u00e9e":"1 minute"},"schema":{"@context":"https:\/\/schema.org","@graph":[{"@type":"WebPage","@id":"https:\/\/strada.tn\/index.php\/product\/tu-versage\/","url":"https:\/\/strada.tn\/index.php\/product\/tu-versage\/","name":"TU-VERSAGE - Strada","isPartOf":{"@id":"https:\/\/strada.tn\/#website"},"datePublished":"2023-06-14T21:08:26+00:00","dateModified":"2023-11-01T00:01:40+00:00","breadcrumb":{"@id":"https:\/\/strada.tn\/index.php\/product\/tu-versage\/#breadcrumb"},"inLanguage":"fr-FR","potentialAction":[{"@type":"ReadAction","target":["https:\/\/strada.tn\/index.php\/product\/tu-versage\/"]}]},{"@type":"BreadcrumbList","@id":"https:\/\/strada.tn\/index.php\/product\/tu-versage\/#breadcrumb","itemListElement":[{"@type":"ListItem","position":1,"name":"Home","item":"https:\/\/strada.tn\/"},{"@type":"ListItem","position":2,"name":"Shop","item":"https:\/\/strada.tn\/index.php\/shop-2\/"},{"@type":"ListItem","position":3,"name":"TU-VERSAGE"}]},{"@type":"WebSite","@id":"https:\/\/strada.tn\/#website","url":"https:\/\/strada.tn\/","name":"Strada","description":"Vente v\u00eatements pour hommes","publisher":{"@id":"https:\/\/strada.tn\/#organization"},"potentialAction":[{"@type":"SearchAction","target":{"@type":"EntryPoint","urlTemplate":"https:\/\/strada.tn\/?s={search_term_string}"},"query-input":"required name=search_term_string"}],"inLanguage":"fr-FR"},{"@type":"Organization","@id":"https:\/\/strada.tn\/#organization","name":"Strada","url":"https:\/\/strada.tn\/","logo":{"@type":"ImageObject","inLanguage":"fr-FR","@id":"https:\/\/strada.tn\/#\/schema\/logo\/image\/","url":"https:\/\/strada.tn\/wp-content\/uploads\/2023\/03\/cropped-Logo-1.png","contentUrl":"https:\/\/strada.tn\/wp-content\/uploads\/2023\/03\/cropped-Logo-1.png","width":145,"height":60,"caption":"Strada"},"image":{"@id":"https:\/\/strada.tn\/#\/schema\/logo\/image\/"},"sameAs":["https:\/\/www.facebook.com\/profile.php?id=100071369829271"]}]}},"_links":{"self":[{"href":"https:\/\/strada.tn\/index.php\/wp-json\/wp\/v2\/product\/5696","targetHints":{"allow":["GET"]}}],"collection":[{"href":"https:\/\/strada.tn\/index.php\/wp-json\/wp\/v2\/product"}],"about":[{"href":"https:\/\/strada.tn\/index.php\/wp-json\/wp\/v2\/types\/product"}],"replies":[{"embeddable":true,"href":"https:\/\/strada.tn\/index.php\/wp-json\/wp\/v2\/comments?post=5696"}],"wp:featuredmedia":[{"embeddable":true,"href":"https:\/\/strada.tn\/index.php\/wp-json\/wp\/v2\/media\/5693"}],"wp:attachment":[{"href":"https:\/\/strada.tn\/index.php\/wp-json\/wp\/v2\/media?parent=5696"}],"wp:term":[{"taxonomy":"product_cat","embeddable":true,"href":"https:\/\/strada.tn\/index.php\/wp-json\/wp\/v2\/product_cat?post=5696"},{"taxonomy":"product_tag","embeddable":true,"href":"https:\/\/strada.tn\/index.php\/wp-json\/wp\/v2\/product_tag?post=5696"}],"curies":[{"name":"wp","href":"https:\/\/api.w.org\/{rel}","templated":true}]}}