{"id":5528,"date":"2023-03-16T16:21:55","date_gmt":"2023-03-16T16:21:55","guid":{"rendered":"https:\/\/strada.tn\/?post_type=product&#038;p=5528"},"modified":"2023-07-01T02:54:12","modified_gmt":"2023-07-01T02:54:12","slug":"cap-cle-b-2","status":"publish","type":"product","link":"https:\/\/strada.tn\/index.php\/product\/cap-cle-b-2\/","title":{"rendered":"CAP-CLE-B"},"content":{"rendered":"<p><b>Sweat \u00e0 Capuche<\/b> Blanc avec tissu molleton gratt\u00e9 importer en coton et imprime, coupe moderne avec 2 poches, id\u00e9ale pour vos sorties hivernales.<\/p>\n<ul>\n<li class=\"clearfix _o46 _3erg _29_7 _8lma direction_ltr text_align_ltr\">Capuche Homme<\/li>\n<li class=\"clearfix _o46 _3erg _29_7 _8lma direction_ltr text_align_ltr\">100% coton<\/li>\n<li class=\"clearfix _o46 _3erg _29_7 _8lma direction_ltr text_align_ltr\">Tissu imprim\u00e9<\/li>\n<li>Couleur Blanc<\/li>\n<\/ul>\n","protected":false},"excerpt":{"rendered":"<p><b>Sweat \u00e0 Capuche<\/b> Blanc avec tissu molleton gratt\u00e9 importer en coton et imprime, coupe moderne avec 2 poches, id\u00e9ale pour vos sorties hivernales.<\/p>\n","protected":false},"featured_media":5499,"comment_status":"open","ping_status":"closed","template":"","meta":[],"product_cat":[15,225],"product_tag":[],"class_list":["post-5528","product","type-product","status-publish","has-post-thumbnail","hentry","product_cat-vetements-homme","product_cat-capuche"],"acf":[],"yoast_head":"<!-- This site is optimized with the Yoast SEO plugin v20.1 - https:\/\/yoast.com\/wordpress\/plugins\/seo\/ -->\n<title>CAP-CLE-B - Strada<\/title>\n<meta name=\"robots\" content=\"index, follow, max-snippet:-1, max-image-preview:large, max-video-preview:-1\" \/>\n<link rel=\"canonical\" href=\"https:\/\/strada.tn\/index.php\/product\/cap-cle-b-2\/\" \/>\n<meta property=\"og:locale\" content=\"fr_FR\" \/>\n<meta property=\"og:type\" content=\"article\" \/>\n<meta property=\"og:title\" content=\"CAP-CLE-B - Strada\" \/>\n<meta property=\"og:description\" content=\"Sweat \u00e0 Capuche Blanc avec tissu molleton gratt\u00e9 importer en coton et imprime, coupe moderne avec 2 poches, id\u00e9ale pour vos sorties hivernales.\" \/>\n<meta property=\"og:url\" content=\"https:\/\/strada.tn\/index.php\/product\/cap-cle-b-2\/\" \/>\n<meta property=\"og:site_name\" content=\"Strada\" \/>\n<meta property=\"article:publisher\" content=\"https:\/\/www.facebook.com\/profile.php?id=100071369829271\" \/>\n<meta property=\"article:modified_time\" content=\"2023-07-01T02:54:12+00:00\" \/>\n<meta property=\"og:image\" content=\"https:\/\/strada.tn\/wp-content\/uploads\/2023\/03\/cap-C-B.png\" \/>\n\t<meta property=\"og:image:width\" content=\"1080\" \/>\n\t<meta property=\"og:image:height\" content=\"1080\" \/>\n\t<meta property=\"og:image:type\" content=\"image\/png\" \/>\n<meta name=\"twitter:card\" content=\"summary_large_image\" \/>\n<meta name=\"twitter:label1\" content=\"Dur\u00e9e de lecture estim\u00e9e\" \/>\n\t<meta name=\"twitter:data1\" content=\"1 minute\" \/>\n<script type=\"application\/ld+json\" class=\"yoast-schema-graph\">{\"@context\":\"https:\/\/schema.org\",\"@graph\":[{\"@type\":\"WebPage\",\"@id\":\"https:\/\/strada.tn\/index.php\/product\/cap-cle-b-2\/\",\"url\":\"https:\/\/strada.tn\/index.php\/product\/cap-cle-b-2\/\",\"name\":\"CAP-CLE-B - Strada\",\"isPartOf\":{\"@id\":\"https:\/\/strada.tn\/#website\"},\"datePublished\":\"2023-03-16T16:21:55+00:00\",\"dateModified\":\"2023-07-01T02:54:12+00:00\",\"breadcrumb\":{\"@id\":\"https:\/\/strada.tn\/index.php\/product\/cap-cle-b-2\/#breadcrumb\"},\"inLanguage\":\"fr-FR\",\"potentialAction\":[{\"@type\":\"ReadAction\",\"target\":[\"https:\/\/strada.tn\/index.php\/product\/cap-cle-b-2\/\"]}]},{\"@type\":\"BreadcrumbList\",\"@id\":\"https:\/\/strada.tn\/index.php\/product\/cap-cle-b-2\/#breadcrumb\",\"itemListElement\":[{\"@type\":\"ListItem\",\"position\":1,\"name\":\"Home\",\"item\":\"https:\/\/strada.tn\/\"},{\"@type\":\"ListItem\",\"position\":2,\"name\":\"Shop\",\"item\":\"https:\/\/strada.tn\/index.php\/shop-2\/\"},{\"@type\":\"ListItem\",\"position\":3,\"name\":\"CAP-CLE-B\"}]},{\"@type\":\"WebSite\",\"@id\":\"https:\/\/strada.tn\/#website\",\"url\":\"https:\/\/strada.tn\/\",\"name\":\"Strada\",\"description\":\"Vente v\u00eatements pour hommes\",\"publisher\":{\"@id\":\"https:\/\/strada.tn\/#organization\"},\"potentialAction\":[{\"@type\":\"SearchAction\",\"target\":{\"@type\":\"EntryPoint\",\"urlTemplate\":\"https:\/\/strada.tn\/?s={search_term_string}\"},\"query-input\":\"required name=search_term_string\"}],\"inLanguage\":\"fr-FR\"},{\"@type\":\"Organization\",\"@id\":\"https:\/\/strada.tn\/#organization\",\"name\":\"Strada\",\"url\":\"https:\/\/strada.tn\/\",\"logo\":{\"@type\":\"ImageObject\",\"inLanguage\":\"fr-FR\",\"@id\":\"https:\/\/strada.tn\/#\/schema\/logo\/image\/\",\"url\":\"https:\/\/strada.tn\/wp-content\/uploads\/2023\/03\/cropped-Logo-1.png\",\"contentUrl\":\"https:\/\/strada.tn\/wp-content\/uploads\/2023\/03\/cropped-Logo-1.png\",\"width\":145,\"height\":60,\"caption\":\"Strada\"},\"image\":{\"@id\":\"https:\/\/strada.tn\/#\/schema\/logo\/image\/\"},\"sameAs\":[\"https:\/\/www.facebook.com\/profile.php?id=100071369829271\"]}]}<\/script>\n<!-- \/ Yoast SEO plugin. -->","yoast_head_json":{"title":"CAP-CLE-B - Strada","robots":{"index":"index","follow":"follow","max-snippet":"max-snippet:-1","max-image-preview":"max-image-preview:large","max-video-preview":"max-video-preview:-1"},"canonical":"https:\/\/strada.tn\/index.php\/product\/cap-cle-b-2\/","og_locale":"fr_FR","og_type":"article","og_title":"CAP-CLE-B - Strada","og_description":"Sweat \u00e0 Capuche Blanc avec tissu molleton gratt\u00e9 importer en coton et imprime, coupe moderne avec 2 poches, id\u00e9ale pour vos sorties hivernales.","og_url":"https:\/\/strada.tn\/index.php\/product\/cap-cle-b-2\/","og_site_name":"Strada","article_publisher":"https:\/\/www.facebook.com\/profile.php?id=100071369829271","article_modified_time":"2023-07-01T02:54:12+00:00","og_image":[{"width":1080,"height":1080,"url":"https:\/\/strada.tn\/wp-content\/uploads\/2023\/03\/cap-C-B.png","type":"image\/png"}],"twitter_card":"summary_large_image","twitter_misc":{"Dur\u00e9e de lecture estim\u00e9e":"1 minute"},"schema":{"@context":"https:\/\/schema.org","@graph":[{"@type":"WebPage","@id":"https:\/\/strada.tn\/index.php\/product\/cap-cle-b-2\/","url":"https:\/\/strada.tn\/index.php\/product\/cap-cle-b-2\/","name":"CAP-CLE-B - Strada","isPartOf":{"@id":"https:\/\/strada.tn\/#website"},"datePublished":"2023-03-16T16:21:55+00:00","dateModified":"2023-07-01T02:54:12+00:00","breadcrumb":{"@id":"https:\/\/strada.tn\/index.php\/product\/cap-cle-b-2\/#breadcrumb"},"inLanguage":"fr-FR","potentialAction":[{"@type":"ReadAction","target":["https:\/\/strada.tn\/index.php\/product\/cap-cle-b-2\/"]}]},{"@type":"BreadcrumbList","@id":"https:\/\/strada.tn\/index.php\/product\/cap-cle-b-2\/#breadcrumb","itemListElement":[{"@type":"ListItem","position":1,"name":"Home","item":"https:\/\/strada.tn\/"},{"@type":"ListItem","position":2,"name":"Shop","item":"https:\/\/strada.tn\/index.php\/shop-2\/"},{"@type":"ListItem","position":3,"name":"CAP-CLE-B"}]},{"@type":"WebSite","@id":"https:\/\/strada.tn\/#website","url":"https:\/\/strada.tn\/","name":"Strada","description":"Vente v\u00eatements pour hommes","publisher":{"@id":"https:\/\/strada.tn\/#organization"},"potentialAction":[{"@type":"SearchAction","target":{"@type":"EntryPoint","urlTemplate":"https:\/\/strada.tn\/?s={search_term_string}"},"query-input":"required name=search_term_string"}],"inLanguage":"fr-FR"},{"@type":"Organization","@id":"https:\/\/strada.tn\/#organization","name":"Strada","url":"https:\/\/strada.tn\/","logo":{"@type":"ImageObject","inLanguage":"fr-FR","@id":"https:\/\/strada.tn\/#\/schema\/logo\/image\/","url":"https:\/\/strada.tn\/wp-content\/uploads\/2023\/03\/cropped-Logo-1.png","contentUrl":"https:\/\/strada.tn\/wp-content\/uploads\/2023\/03\/cropped-Logo-1.png","width":145,"height":60,"caption":"Strada"},"image":{"@id":"https:\/\/strada.tn\/#\/schema\/logo\/image\/"},"sameAs":["https:\/\/www.facebook.com\/profile.php?id=100071369829271"]}]}},"_links":{"self":[{"href":"https:\/\/strada.tn\/index.php\/wp-json\/wp\/v2\/product\/5528","targetHints":{"allow":["GET"]}}],"collection":[{"href":"https:\/\/strada.tn\/index.php\/wp-json\/wp\/v2\/product"}],"about":[{"href":"https:\/\/strada.tn\/index.php\/wp-json\/wp\/v2\/types\/product"}],"replies":[{"embeddable":true,"href":"https:\/\/strada.tn\/index.php\/wp-json\/wp\/v2\/comments?post=5528"}],"wp:featuredmedia":[{"embeddable":true,"href":"https:\/\/strada.tn\/index.php\/wp-json\/wp\/v2\/media\/5499"}],"wp:attachment":[{"href":"https:\/\/strada.tn\/index.php\/wp-json\/wp\/v2\/media?parent=5528"}],"wp:term":[{"taxonomy":"product_cat","embeddable":true,"href":"https:\/\/strada.tn\/index.php\/wp-json\/wp\/v2\/product_cat?post=5528"},{"taxonomy":"product_tag","embeddable":true,"href":"https:\/\/strada.tn\/index.php\/wp-json\/wp\/v2\/product_tag?post=5528"}],"curies":[{"name":"wp","href":"https:\/\/api.w.org\/{rel}","templated":true}]}}