{"id":2139,"date":"2016-02-16T11:54:55","date_gmt":"2016-02-16T11:54:55","guid":{"rendered":"https:\/\/demo2.chethemes.com\/electro\/?page_id=2139"},"modified":"2023-06-15T08:47:23","modified_gmt":"2023-06-15T08:47:23","slug":"strada-tunisie","status":"publish","type":"page","link":"https:\/\/strada.tn\/","title":{"rendered":"Accueil"},"content":{"rendered":"","protected":false},"excerpt":{"rendered":"","protected":false},"author":1,"featured_media":0,"parent":0,"menu_order":0,"comment_status":"closed","ping_status":"closed","template":"template-homepage-v2.php","meta":{"footnotes":""},"folder":[],"class_list":["post-2139","page","type-page","status-publish","hentry"],"acf":[],"yoast_head":"<!-- This site is optimized with the Yoast SEO plugin v20.1 - https:\/\/yoast.com\/wordpress\/plugins\/seo\/ -->\n<title>Accueil - Strada - Vente v\u00eatements pour hommes Tunisie<\/title>\n<meta name=\"description\" content=\"Strada - Vente v\u00eatements pour hommes - Le site le plus visit\u00e9 de Tunisie - D\u00e9couvrez nos diff\u00e9rents produits\" \/>\n<meta name=\"robots\" content=\"index, follow, max-snippet:-1, max-image-preview:large, max-video-preview:-1\" \/>\n<link rel=\"canonical\" href=\"https:\/\/strada.tn\/\" \/>\n<meta property=\"og:locale\" content=\"fr_FR\" \/>\n<meta property=\"og:type\" content=\"article\" \/>\n<meta property=\"og:title\" content=\"Accueil - Strada - Vente v\u00eatements pour hommes Tunisie\" \/>\n<meta property=\"og:description\" content=\"Strada - Vente v\u00eatements pour hommes - Le site le plus visit\u00e9 de Tunisie - D\u00e9couvrez nos diff\u00e9rents produits\" \/>\n<meta property=\"og:url\" content=\"https:\/\/strada.tn\/\" \/>\n<meta property=\"og:site_name\" content=\"Strada\" \/>\n<meta property=\"article:publisher\" content=\"https:\/\/www.facebook.com\/profile.php?id=100071369829271\" \/>\n<meta property=\"article:modified_time\" content=\"2023-06-15T08:47:23+00:00\" \/>\n<meta name=\"twitter:card\" content=\"summary_large_image\" \/>\n<script type=\"application\/ld+json\" class=\"yoast-schema-graph\">{\"@context\":\"https:\/\/schema.org\",\"@graph\":[{\"@type\":\"WebPage\",\"@id\":\"https:\/\/strada.tn\/\",\"url\":\"https:\/\/strada.tn\/\",\"name\":\"Accueil - Strada - Vente v\u00eatements pour hommes Tunisie\",\"isPartOf\":{\"@id\":\"https:\/\/strada.tn\/#website\"},\"datePublished\":\"2016-02-16T11:54:55+00:00\",\"dateModified\":\"2023-06-15T08:47:23+00:00\",\"description\":\"Strada - Vente v\u00eatements pour hommes - Le site le plus visit\u00e9 de Tunisie - D\u00e9couvrez nos diff\u00e9rents produits\",\"breadcrumb\":{\"@id\":\"https:\/\/strada.tn\/#breadcrumb\"},\"inLanguage\":\"fr-FR\",\"potentialAction\":[{\"@type\":\"ReadAction\",\"target\":[\"https:\/\/strada.tn\/\"]}]},{\"@type\":\"BreadcrumbList\",\"@id\":\"https:\/\/strada.tn\/#breadcrumb\",\"itemListElement\":[{\"@type\":\"ListItem\",\"position\":1,\"name\":\"Home\",\"item\":\"https:\/\/strada.tn\/\"},{\"@type\":\"ListItem\",\"position\":2,\"name\":\"Accueil\"}]},{\"@type\":\"WebSite\",\"@id\":\"https:\/\/strada.tn\/#website\",\"url\":\"https:\/\/strada.tn\/\",\"name\":\"Strada\",\"description\":\"Vente v\u00eatements pour hommes\",\"publisher\":{\"@id\":\"https:\/\/strada.tn\/#organization\"},\"potentialAction\":[{\"@type\":\"SearchAction\",\"target\":{\"@type\":\"EntryPoint\",\"urlTemplate\":\"https:\/\/strada.tn\/?s={search_term_string}\"},\"query-input\":\"required name=search_term_string\"}],\"inLanguage\":\"fr-FR\"},{\"@type\":\"Organization\",\"@id\":\"https:\/\/strada.tn\/#organization\",\"name\":\"Strada\",\"url\":\"https:\/\/strada.tn\/\",\"logo\":{\"@type\":\"ImageObject\",\"inLanguage\":\"fr-FR\",\"@id\":\"https:\/\/strada.tn\/#\/schema\/logo\/image\/\",\"url\":\"https:\/\/strada.tn\/wp-content\/uploads\/2023\/03\/cropped-Logo-1.png\",\"contentUrl\":\"https:\/\/strada.tn\/wp-content\/uploads\/2023\/03\/cropped-Logo-1.png\",\"width\":145,\"height\":60,\"caption\":\"Strada\"},\"image\":{\"@id\":\"https:\/\/strada.tn\/#\/schema\/logo\/image\/\"},\"sameAs\":[\"https:\/\/www.facebook.com\/profile.php?id=100071369829271\"]}]}<\/script>\n<!-- \/ Yoast SEO plugin. -->","yoast_head_json":{"title":"Accueil - Strada - Vente v\u00eatements pour hommes Tunisie","description":"Strada - Vente v\u00eatements pour hommes - Le site le plus visit\u00e9 de Tunisie - D\u00e9couvrez nos diff\u00e9rents produits","robots":{"index":"index","follow":"follow","max-snippet":"max-snippet:-1","max-image-preview":"max-image-preview:large","max-video-preview":"max-video-preview:-1"},"canonical":"https:\/\/strada.tn\/","og_locale":"fr_FR","og_type":"article","og_title":"Accueil - Strada - Vente v\u00eatements pour hommes Tunisie","og_description":"Strada - Vente v\u00eatements pour hommes - Le site le plus visit\u00e9 de Tunisie - D\u00e9couvrez nos diff\u00e9rents produits","og_url":"https:\/\/strada.tn\/","og_site_name":"Strada","article_publisher":"https:\/\/www.facebook.com\/profile.php?id=100071369829271","article_modified_time":"2023-06-15T08:47:23+00:00","twitter_card":"summary_large_image","schema":{"@context":"https:\/\/schema.org","@graph":[{"@type":"WebPage","@id":"https:\/\/strada.tn\/","url":"https:\/\/strada.tn\/","name":"Accueil - Strada - Vente v\u00eatements pour hommes Tunisie","isPartOf":{"@id":"https:\/\/strada.tn\/#website"},"datePublished":"2016-02-16T11:54:55+00:00","dateModified":"2023-06-15T08:47:23+00:00","description":"Strada - Vente v\u00eatements pour hommes - Le site le plus visit\u00e9 de Tunisie - D\u00e9couvrez nos diff\u00e9rents produits","breadcrumb":{"@id":"https:\/\/strada.tn\/#breadcrumb"},"inLanguage":"fr-FR","potentialAction":[{"@type":"ReadAction","target":["https:\/\/strada.tn\/"]}]},{"@type":"BreadcrumbList","@id":"https:\/\/strada.tn\/#breadcrumb","itemListElement":[{"@type":"ListItem","position":1,"name":"Home","item":"https:\/\/strada.tn\/"},{"@type":"ListItem","position":2,"name":"Accueil"}]},{"@type":"WebSite","@id":"https:\/\/strada.tn\/#website","url":"https:\/\/strada.tn\/","name":"Strada","description":"Vente v\u00eatements pour hommes","publisher":{"@id":"https:\/\/strada.tn\/#organization"},"potentialAction":[{"@type":"SearchAction","target":{"@type":"EntryPoint","urlTemplate":"https:\/\/strada.tn\/?s={search_term_string}"},"query-input":"required name=search_term_string"}],"inLanguage":"fr-FR"},{"@type":"Organization","@id":"https:\/\/strada.tn\/#organization","name":"Strada","url":"https:\/\/strada.tn\/","logo":{"@type":"ImageObject","inLanguage":"fr-FR","@id":"https:\/\/strada.tn\/#\/schema\/logo\/image\/","url":"https:\/\/strada.tn\/wp-content\/uploads\/2023\/03\/cropped-Logo-1.png","contentUrl":"https:\/\/strada.tn\/wp-content\/uploads\/2023\/03\/cropped-Logo-1.png","width":145,"height":60,"caption":"Strada"},"image":{"@id":"https:\/\/strada.tn\/#\/schema\/logo\/image\/"},"sameAs":["https:\/\/www.facebook.com\/profile.php?id=100071369829271"]}]}},"_links":{"self":[{"href":"https:\/\/strada.tn\/index.php\/wp-json\/wp\/v2\/pages\/2139","targetHints":{"allow":["GET"]}}],"collection":[{"href":"https:\/\/strada.tn\/index.php\/wp-json\/wp\/v2\/pages"}],"about":[{"href":"https:\/\/strada.tn\/index.php\/wp-json\/wp\/v2\/types\/page"}],"author":[{"embeddable":true,"href":"https:\/\/strada.tn\/index.php\/wp-json\/wp\/v2\/users\/1"}],"replies":[{"embeddable":true,"href":"https:\/\/strada.tn\/index.php\/wp-json\/wp\/v2\/comments?post=2139"}],"version-history":[{"count":2,"href":"https:\/\/strada.tn\/index.php\/wp-json\/wp\/v2\/pages\/2139\/revisions"}],"predecessor-version":[{"id":5351,"href":"https:\/\/strada.tn\/index.php\/wp-json\/wp\/v2\/pages\/2139\/revisions\/5351"}],"wp:attachment":[{"href":"https:\/\/strada.tn\/index.php\/wp-json\/wp\/v2\/media?parent=2139"}],"wp:term":[{"taxonomy":"folder","embeddable":true,"href":"https:\/\/strada.tn\/index.php\/wp-json\/wp\/v2\/folder?post=2139"}],"curies":[{"name":"wp","href":"https:\/\/api.w.org\/{rel}","templated":true}]}}